{"id":26,"date":"2020-09-11T17:28:38","date_gmt":"2020-09-11T15:28:38","guid":{"rendered":"https:\/\/www.bapteme-deltaplane.fr\/?page_id=26"},"modified":"2022-12-10T00:20:23","modified_gmt":"2022-12-09T23:20:23","slug":"stage-de-deltaplane","status":"publish","type":"page","link":"https:\/\/www.bapteme-deltaplane.fr\/fr\/stage-de-deltaplane\/","title":{"rendered":"Les stages de deltaplane"},"content":{"rendered":"<p>[et_pb_section fb_built=\u00a0\u00bb1&Prime; _builder_version=\u00a0\u00bb4.16&Prime; _module_preset=\u00a0\u00bbdefault\u00a0\u00bb global_colors_info=\u00a0\u00bb{}\u00a0\u00bb][et_pb_row _builder_version=\u00a0\u00bb4.16&Prime; _module_preset=\u00a0\u00bbdefault\u00a0\u00bb global_colors_info=\u00a0\u00bb{}\u00a0\u00bb][et_pb_column type=\u00a0\u00bb4_4&Prime; _builder_version=\u00a0\u00bb4.16&Prime; _module_preset=\u00a0\u00bbdefault\u00a0\u00bb global_colors_info=\u00a0\u00bb{}\u00a0\u00bb][et_pb_text _builder_version=\u00a0\u00bb4.19.2&Prime; _module_preset=\u00a0\u00bbdefault\u00a0\u00bb global_colors_info=\u00a0\u00bb{}\u00a0\u00bb]<\/p>\n<h1>Vous r\u00eavez de voler de vos propres ailes ?<\/h1>\n<p>[\/et_pb_text][et_pb_divider _builder_version=\u00a0\u00bb4.19.2&Prime; _module_preset=\u00a0\u00bbdefault\u00a0\u00bb custom_margin=\u00a0\u00bb0px||0px||false|false\u00a0\u00bb custom_padding=\u00a0\u00bb0px||0px||false|false\u00a0\u00bb global_colors_info=\u00a0\u00bb{}\u00a0\u00bb][\/et_pb_divider][et_pb_text _builder_version=\u00a0\u00bb4.19.2&Prime; _module_preset=\u00a0\u00bbdefault\u00a0\u00bb global_colors_info=\u00a0\u00bb{}\u00a0\u00bb]Descriptif : stage initiation, perfectionnement et cross, le tout possible a la carte.<\/p>\n<p>Dur\u00e9e de l\u2019apprentissage : selon le stage, mais en g\u00e9n\u00e9ral une semaine<\/p>\n<p>Horaires :de 7h ou 20h a parfois tard en fin de journ\u00e9e, max 21h<\/p>\n<p>Nicolas coqueraut. Moniteur profesionnel de deltaplane. Biplaceur depuis 2014. Moniteur depuis 2015. Bref passionner depuis 10 ans maintenant.[\/et_pb_text][et_pb_divider _builder_version=\u00a0\u00bb4.19.2&Prime; _module_preset=\u00a0\u00bbdefault\u00a0\u00bb custom_margin=\u00a0\u00bb0px||0px||false|false\u00a0\u00bb custom_padding=\u00a0\u00bb0px||0px||false|false\u00a0\u00bb global_colors_info=\u00a0\u00bb{}\u00a0\u00bb][\/et_pb_divider][et_pb_cta title=\u00a0\u00bbApprendre et progresser avec l&rsquo;\u00e9cole de deltaplane\u00a0\u00bb button_url=\u00a0\u00bbhttps:\/\/www.ecole-deltaplane.com\/\u00a0\u00bb button_text=\u00a0\u00bbRejoindre le site de l&rsquo;\u00e9cole\u00a0\u00bb _builder_version=\u00a0\u00bb4.19.2&Prime; _module_preset=\u00a0\u00bbdefault\u00a0\u00bb background_image=\u00a0\u00bbhttps:\/\/www.bapteme-deltaplane.fr\/wp-content\/uploads\/2022\/12\/ecole-delta.jpg\u00a0\u00bb parallax=\u00a0\u00bbon\u00a0\u00bb hover_enabled=\u00a0\u00bb0&Prime; global_colors_info=\u00a0\u00bb{}\u00a0\u00bb url_new_window=\u00a0\u00bbon\u00a0\u00bb sticky_enabled=\u00a0\u00bb0&Prime;][\/et_pb_cta][\/et_pb_column][\/et_pb_row][\/et_pb_section]<\/p>\n","protected":false},"excerpt":{"rendered":"<p>Vous r\u00eavez de voler de vos propres ailes ?Descriptif : stage initiation, perfectionnement et cross, le tout possible a la carte. Dur\u00e9e de l\u2019apprentissage : selon le stage, mais en g\u00e9n\u00e9ral une semaine Horaires :de 7h ou 20h a parfois tard en fin de journ\u00e9e, max 21h Nicolas coqueraut. Moniteur profesionnel de deltaplane. Biplaceur depuis [&hellip;]<\/p>\n","protected":false},"author":2,"featured_media":0,"parent":0,"menu_order":0,"comment_status":"closed","ping_status":"closed","template":"","meta":{"_et_pb_use_builder":"on","_et_pb_old_content":"","_et_gb_content_width":"","footnotes":""},"class_list":["post-26","page","type-page","status-publish","hentry"],"_links":{"self":[{"href":"https:\/\/www.bapteme-deltaplane.fr\/fr\/wp-json\/wp\/v2\/pages\/26","targetHints":{"allow":["GET"]}}],"collection":[{"href":"https:\/\/www.bapteme-deltaplane.fr\/fr\/wp-json\/wp\/v2\/pages"}],"about":[{"href":"https:\/\/www.bapteme-deltaplane.fr\/fr\/wp-json\/wp\/v2\/types\/page"}],"author":[{"embeddable":true,"href":"https:\/\/www.bapteme-deltaplane.fr\/fr\/wp-json\/wp\/v2\/users\/2"}],"replies":[{"embeddable":true,"href":"https:\/\/www.bapteme-deltaplane.fr\/fr\/wp-json\/wp\/v2\/comments?post=26"}],"version-history":[{"count":5,"href":"https:\/\/www.bapteme-deltaplane.fr\/fr\/wp-json\/wp\/v2\/pages\/26\/revisions"}],"predecessor-version":[{"id":276,"href":"https:\/\/www.bapteme-deltaplane.fr\/fr\/wp-json\/wp\/v2\/pages\/26\/revisions\/276"}],"wp:attachment":[{"href":"https:\/\/www.bapteme-deltaplane.fr\/fr\/wp-json\/wp\/v2\/media?parent=26"}],"curies":[{"name":"wp","href":"https:\/\/api.w.org\/{rel}","templated":true}]}}